{"id":163,"date":"2025-05-18T22:07:49","date_gmt":"2025-05-18T22:07:49","guid":{"rendered":"https:\/\/warszawskimszlakiem.pl\/?page_id=163"},"modified":"2025-07-15T10:02:58","modified_gmt":"2025-07-15T10:02:58","slug":"oferta-spacery-szlakiem","status":"publish","type":"page","link":"https:\/\/warszawskimszlakiem.pl\/index.php\/oferta-spacery-szlakiem\/","title":{"rendered":"Oferta"},"content":{"rendered":"\n<p><\/p>\n\n\n\n<p><strong>Trasy standardowe:<\/strong><\/p>\n\n\n\n<p>Stare Miasto, Krakowskie Przedmie\u015bcie, Gr\u00f3b Nieznanego \u017bo\u0142nierza, \u0141azienki Kr\u00f3lewskie, Stare Pow\u0105zki, Pow\u0105zki Wojskowe, Muzeum Pa\u0142acu Kr\u00f3la Jana III w Wilanowie, Cytadela Warszawska<\/p>\n\n\n\n<p><strong>Trasy tematyczne<\/strong> &#8211; szlakiem:<\/p>\n\n\n\n<p>&#8211; znanych postaci (np. Marii Sk\u0142odowskiej-Curie, Boles\u0142awa Prusa, J\u00f3zefa Pi\u0142sudskiego, etc.)<\/p>\n\n\n\n<p>&#8211; literackim (np. \u201eKamieni na szaniec\u201d Aleksandra Kami\u0144skiego, \u201eLalki\u201d Boles\u0142awa Prusa), artystycznym i teatralnym<\/p>\n\n\n\n<p>&#8211; powsta\u0144czej Warszawy<\/p>\n\n\n\n<p>&#8211; warszawskich \u017byd\u00f3w<\/p>\n\n\n\n<p>&#8211; cmentarzy<\/p>\n\n\n\n<p>&#8211; ko\u015bcio\u0142\u00f3w<\/p>\n\n\n\n<p><strong>Wn\u0119trza:<\/strong><\/p>\n\n\n\n<p>Muzeum Historii Polski (zwiedzanie mo\u017ce by\u0107 po\u0142\u0105czone ze spacerem po Cytadeli Warszawskiej)<\/p>\n\n\n\n<p>Muzeum Archidiecezji Warszawskiej (mo\u017ce by\u0107 po\u0142\u0105czone ze zwiedzaniem katedry \u015bw. Jana Chrzciciela)<\/p>\n\n\n\n<p>Muzeum \u0141azienki Kr\u00f3lewskie<\/p>\n\n\n\n<p>Muzeum Warszawy<\/p>\n\n\n\n<p>Muzeum Pa\u0142acu Kr\u00f3la Jana III w Wilanowie<\/p>\n\n\n\n<p>Muzeum Wi\u0119zienia Pawiak<\/p>\n\n\n\n<p>Mauzoleum Walki i M\u0119cze\u0144stwa<\/p>\n\n\n\n<p>Muzeum \u2013 Miejsce Pami\u0119ci Palmiry (wraz z cmentarzem)<\/p>\n\n\n\n<p><strong>Lekcje varsavianistyczne dla dzieci i wyk\u0142ady dla doros\u0142ych<\/strong>:<\/p>\n\n\n\n<p>prowadzone w szko\u0142ach, domach kultury (i nie tylko) na tematy zwi\u0105zane z histori\u0105, kultur\u0105 i sztuk\u0105 Warszawy.<\/p>\n","protected":false},"excerpt":{"rendered":"<p>Trasy standardowe: Stare Miasto, Krakowskie Przedmie\u015bcie, Gr\u00f3b Nieznanego \u017bo\u0142nierza, \u0141azienki Kr\u00f3lewskie, Stare Pow\u0105zki, Pow\u0105zki Wojskowe, Muzeum Pa\u0142acu Kr\u00f3la Jana III w Wilanowie, Cytadela Warszawska Trasy tematyczne &#8211; szlakiem: &#8211; znanych postaci (np. Marii Sk\u0142odowskiej-Curie, Boles\u0142awa Prusa, J\u00f3zefa Pi\u0142sudskiego, etc.) &#8211; literackim (np. \u201eKamieni na szaniec\u201d Aleksandra Kami\u0144skiego, \u201eLalki\u201d Boles\u0142awa Prusa), artystycznym i teatralnym &#8211; powsta\u0144czej [&hellip;]<\/p>\n","protected":false},"author":1,"featured_media":0,"parent":0,"menu_order":0,"comment_status":"closed","ping_status":"closed","template":"","meta":{"_themeisle_gutenberg_block_has_review":false,"footnotes":""},"class_list":["post-163","page","type-page","status-publish","hentry"],"_links":{"self":[{"href":"https:\/\/warszawskimszlakiem.pl\/index.php\/wp-json\/wp\/v2\/pages\/163","targetHints":{"allow":["GET"]}}],"collection":[{"href":"https:\/\/warszawskimszlakiem.pl\/index.php\/wp-json\/wp\/v2\/pages"}],"about":[{"href":"https:\/\/warszawskimszlakiem.pl\/index.php\/wp-json\/wp\/v2\/types\/page"}],"author":[{"embeddable":true,"href":"https:\/\/warszawskimszlakiem.pl\/index.php\/wp-json\/wp\/v2\/users\/1"}],"replies":[{"embeddable":true,"href":"https:\/\/warszawskimszlakiem.pl\/index.php\/wp-json\/wp\/v2\/comments?post=163"}],"version-history":[{"count":6,"href":"https:\/\/warszawskimszlakiem.pl\/index.php\/wp-json\/wp\/v2\/pages\/163\/revisions"}],"predecessor-version":[{"id":331,"href":"https:\/\/warszawskimszlakiem.pl\/index.php\/wp-json\/wp\/v2\/pages\/163\/revisions\/331"}],"wp:attachment":[{"href":"https:\/\/warszawskimszlakiem.pl\/index.php\/wp-json\/wp\/v2\/media?parent=163"}],"curies":[{"name":"wp","href":"https:\/\/api.w.org\/{rel}","templated":true}]}}