{"id":151,"date":"2025-05-18T21:52:19","date_gmt":"2025-05-18T21:52:19","guid":{"rendered":"https:\/\/warszawskimszlakiem.pl\/index.php\/hestia-front\/"},"modified":"2025-05-29T11:51:47","modified_gmt":"2025-05-29T11:51:47","slug":"hestia-front","status":"publish","type":"page","link":"https:\/\/warszawskimszlakiem.pl\/index.php\/hestia-front\/","title":{"rendered":"Kontakt"},"content":{"rendered":"\n<p class=\"has-text-align-center has-mono-1-color has-text-color has-link-color has-superbfont-small-font-size wp-elements-ecbe5900100fd58a8798a9d0c128706c\" style=\"margin-top:var(--wp--preset--spacing--superbspacing-xxsmall);font-size:clamp(15.747px, 0.984rem + ((1vw - 3.2px) * 0.938), 24px);\"><\/p>\n\n\n\n<div class=\"wp-block-group has-mono-3-background-color has-background has-superbfont-medium-font-size has-global-padding is-layout-constrained wp-container-core-group-is-layout-6d33c453 wp-block-group-is-layout-constrained\" style=\"margin-top:var(--wp--preset--spacing--superbspacing-xxsmall);margin-bottom:var(--wp--preset--spacing--superbspacing-xxsmall);padding-top:var(--wp--preset--spacing--superbspacing-small);padding-right:var(--wp--preset--spacing--superbspacing-small);padding-bottom:var(--wp--preset--spacing--superbspacing-small);padding-left:var(--wp--preset--spacing--superbspacing-small)\">\n<p class=\"has-text-align-center has-mono-1-color has-text-color has-link-color has-superbfont-small-font-size wp-elements-f2bf3199ccbf03ecb9691bf012f483cc\" style=\"margin-top:var(--wp--preset--spacing--superbspacing-xxsmall);font-size:clamp(15.747px, 0.984rem + ((1vw - 3.2px) * 0.938), 24px);\">info@warszawskimszlakiem.pl<\/p>\n<\/div>\n\n\n\n<div class=\"wp-block-group has-mono-3-background-color has-background has-superbfont-medium-font-size has-global-padding is-layout-constrained wp-container-core-group-is-layout-6d33c453 wp-block-group-is-layout-constrained\" style=\"margin-top:var(--wp--preset--spacing--superbspacing-xxsmall);margin-bottom:var(--wp--preset--spacing--superbspacing-xxsmall);padding-top:var(--wp--preset--spacing--superbspacing-small);padding-right:var(--wp--preset--spacing--superbspacing-small);padding-bottom:var(--wp--preset--spacing--superbspacing-small);padding-left:var(--wp--preset--spacing--superbspacing-small)\">\n<p class=\"has-text-align-center has-mono-1-color has-text-color has-link-color has-superbfont-small-font-size wp-elements-e07bdc0940be1fc496cde7e143d1a66a\" style=\"margin-top:var(--wp--preset--spacing--superbspacing-xxsmall);font-size:clamp(15.747px, 0.984rem + ((1vw - 3.2px) * 0.938), 24px);\">tel. 505 787 737<\/p>\n\n\n\n<p class=\"has-text-align-center\">je\u017celi nie odbieram telefonu, prosz\u0119 wys\u0142a\u0107 wiadomo\u015b\u0107 sms lub email &#8211; odpowiem<\/p>\n<\/div>\n\n\n\n<div class=\"wp-block-group has-mono-3-background-color has-background has-superbfont-medium-font-size has-global-padding is-layout-constrained wp-container-core-group-is-layout-6d33c453 wp-block-group-is-layout-constrained\" style=\"margin-top:var(--wp--preset--spacing--superbspacing-xxsmall);margin-bottom:var(--wp--preset--spacing--superbspacing-xxsmall);padding-top:var(--wp--preset--spacing--superbspacing-small);padding-right:var(--wp--preset--spacing--superbspacing-small);padding-bottom:var(--wp--preset--spacing--superbspacing-small);padding-left:var(--wp--preset--spacing--superbspacing-small)\">\n<p class=\"has-text-align-center has-mono-1-color has-text-color has-link-color has-superbfont-small-font-size wp-elements-7f7a998d75a53005e919c11931543b86\" style=\"margin-top:var(--wp--preset--spacing--superbspacing-xxsmall);font-size:clamp(15.747px, 0.984rem + ((1vw - 3.2px) * 0.938), 24px);\"><a href=\"https:\/\/www.facebook.com\/profile.php?id=61562252503999\" target=\"_blank\" rel=\"noreferrer noopener\">facebook<\/a><\/p>\n<\/div>\n\n\n\n<div class=\"wp-block-group has-mono-3-background-color has-background has-superbfont-medium-font-size has-global-padding is-layout-constrained wp-container-core-group-is-layout-6d33c453 wp-block-group-is-layout-constrained\" style=\"margin-top:var(--wp--preset--spacing--superbspacing-xxsmall);margin-bottom:var(--wp--preset--spacing--superbspacing-xxsmall);padding-top:var(--wp--preset--spacing--superbspacing-small);padding-right:var(--wp--preset--spacing--superbspacing-small);padding-bottom:var(--wp--preset--spacing--superbspacing-small);padding-left:var(--wp--preset--spacing--superbspacing-small)\">\n<p class=\"has-text-align-center has-mono-1-color has-text-color has-link-color has-superbfont-small-font-size wp-elements-57de86c70778def3a8fd2d0c2649f4ab\" style=\"margin-top:var(--wp--preset--spacing--superbspacing-xxsmall);font-size:clamp(15.747px, 0.984rem + ((1vw - 3.2px) * 0.938), 24px);\"><a href=\"http:\/\/www.instagram.com\/warszawskimszlakiem.pl\" target=\"_blank\" rel=\"noreferrer noopener\">instagram<\/a><\/p>\n<\/div>\n","protected":false},"excerpt":{"rendered":"<p>info@warszawskimszlakiem.pl tel. 505 787 737 je\u017celi nie odbieram telefonu, prosz\u0119 wys\u0142a\u0107 wiadomo\u015b\u0107 sms lub email &#8211; odpowiem facebook instagram<\/p>\n","protected":false},"author":1,"featured_media":0,"parent":0,"menu_order":0,"comment_status":"closed","ping_status":"closed","template":"","meta":{"_themeisle_gutenberg_block_has_review":false,"footnotes":""},"class_list":["post-151","page","type-page","status-publish","hentry"],"_links":{"self":[{"href":"https:\/\/warszawskimszlakiem.pl\/index.php\/wp-json\/wp\/v2\/pages\/151","targetHints":{"allow":["GET"]}}],"collection":[{"href":"https:\/\/warszawskimszlakiem.pl\/index.php\/wp-json\/wp\/v2\/pages"}],"about":[{"href":"https:\/\/warszawskimszlakiem.pl\/index.php\/wp-json\/wp\/v2\/types\/page"}],"author":[{"embeddable":true,"href":"https:\/\/warszawskimszlakiem.pl\/index.php\/wp-json\/wp\/v2\/users\/1"}],"replies":[{"embeddable":true,"href":"https:\/\/warszawskimszlakiem.pl\/index.php\/wp-json\/wp\/v2\/comments?post=151"}],"version-history":[{"count":6,"href":"https:\/\/warszawskimszlakiem.pl\/index.php\/wp-json\/wp\/v2\/pages\/151\/revisions"}],"predecessor-version":[{"id":315,"href":"https:\/\/warszawskimszlakiem.pl\/index.php\/wp-json\/wp\/v2\/pages\/151\/revisions\/315"}],"wp:attachment":[{"href":"https:\/\/warszawskimszlakiem.pl\/index.php\/wp-json\/wp\/v2\/media?parent=151"}],"curies":[{"name":"wp","href":"https:\/\/api.w.org\/{rel}","templated":true}]}}