{"id":147,"date":"2025-05-18T21:33:50","date_gmt":"2025-05-18T21:33:50","guid":{"rendered":"https:\/\/warszawskimszlakiem.pl\/?page_id=147"},"modified":"2025-12-01T16:44:36","modified_gmt":"2025-12-01T16:44:36","slug":"o-mnie","status":"publish","type":"page","link":"https:\/\/warszawskimszlakiem.pl\/index.php\/o-mnie\/","title":{"rendered":"O mnie"},"content":{"rendered":"\n<p><\/p>\n\n\n\n<div class=\"wp-block-columns is-layout-flex wp-container-core-columns-is-layout-28f84493 wp-block-columns-is-layout-flex\">\n<div class=\"wp-block-column is-layout-flow wp-block-column-is-layout-flow\" style=\"padding-top:0;padding-right:0px;padding-bottom:0;padding-left:0px;flex-basis:400px\">\n<figure class=\"wp-block-image aligncenter size-large is-resized\" style=\"margin-top:0;margin-right:0px;margin-bottom:0;margin-left:0px\"><img loading=\"lazy\" decoding=\"async\" width=\"796\" height=\"1024\" src=\"http:\/\/warszawskimszlakiem.pl\/wp-content\/uploads\/2025\/05\/Justyna-Kozlowska-Warszawskim-Szlakiem2-796x1024.jpg\" alt=\"\" class=\"wp-image-248\" style=\"width:277px;height:auto\" srcset=\"https:\/\/warszawskimszlakiem.pl\/wp-content\/uploads\/2025\/05\/Justyna-Kozlowska-Warszawskim-Szlakiem2-796x1024.jpg 796w, https:\/\/warszawskimszlakiem.pl\/wp-content\/uploads\/2025\/05\/Justyna-Kozlowska-Warszawskim-Szlakiem2-233x300.jpg 233w, https:\/\/warszawskimszlakiem.pl\/wp-content\/uploads\/2025\/05\/Justyna-Kozlowska-Warszawskim-Szlakiem2-768x987.jpg 768w, https:\/\/warszawskimszlakiem.pl\/wp-content\/uploads\/2025\/05\/Justyna-Kozlowska-Warszawskim-Szlakiem2-1195x1536.jpg 1195w, https:\/\/warszawskimszlakiem.pl\/wp-content\/uploads\/2025\/05\/Justyna-Kozlowska-Warszawskim-Szlakiem2-1593x2048.jpg 1593w, https:\/\/warszawskimszlakiem.pl\/wp-content\/uploads\/2025\/05\/Justyna-Kozlowska-Warszawskim-Szlakiem2.jpg 1739w\" sizes=\"auto, (max-width: 796px) 100vw, 796px\" \/><\/figure>\n<\/div>\n\n\n\n<div class=\"wp-block-column has-global-padding is-content-justification-center is-layout-constrained wp-container-core-column-is-layout-82f51eb7 wp-block-column-is-layout-constrained\" style=\"flex-basis:600px\">\n<ul class=\"wp-block-list\">\n<li style=\"padding-top:var(--wp--preset--spacing--superbspacing-xxsmall);padding-right:0;padding-bottom:var(--wp--preset--spacing--superbspacing-xxsmall);padding-left:0\">licencjonowana przewodniczka PTTK po Warszawie i varsavianistka (Wydzia\u0142 Historii UW)<\/li>\n\n\n\n<li style=\"padding-top:var(--wp--preset--spacing--superbspacing-xxsmall);padding-right:0;padding-bottom:var(--wp--preset--spacing--superbspacing-xxsmall);padding-left:0\">teatrolog (Akademia Teatralna w Warszawie), doktor nauk humanistycznych (Instytut Sztuki PAN), a tak\u017ce absolwentka studi\u00f3w podyplomowych z literatury dla dzieci i m\u0142odzie\u017cy (Wydzia\u0142 Polonistyki UW)<\/li>\n\n\n\n<li style=\"padding-top:var(--wp--preset--spacing--superbspacing-xxsmall);padding-right:0;padding-bottom:var(--wp--preset--spacing--superbspacing-xxsmall);padding-left:0\">autorka artyku\u0142\u00f3w o teatrze i Warszawie<br><\/li>\n<\/ul>\n<\/div>\n<\/div>\n\n\n\n<div class=\"wp-block-columns is-layout-flex wp-container-core-columns-is-layout-28f84493 wp-block-columns-is-layout-flex\">\n<div class=\"wp-block-column is-layout-flow wp-block-column-is-layout-flow\" style=\"flex-basis:100%\"><\/div>\n<\/div>\n","protected":false},"excerpt":{"rendered":"","protected":false},"author":1,"featured_media":0,"parent":0,"menu_order":0,"comment_status":"closed","ping_status":"closed","template":"","meta":{"_themeisle_gutenberg_block_has_review":false,"footnotes":""},"class_list":["post-147","page","type-page","status-publish","hentry"],"_links":{"self":[{"href":"https:\/\/warszawskimszlakiem.pl\/index.php\/wp-json\/wp\/v2\/pages\/147","targetHints":{"allow":["GET"]}}],"collection":[{"href":"https:\/\/warszawskimszlakiem.pl\/index.php\/wp-json\/wp\/v2\/pages"}],"about":[{"href":"https:\/\/warszawskimszlakiem.pl\/index.php\/wp-json\/wp\/v2\/types\/page"}],"author":[{"embeddable":true,"href":"https:\/\/warszawskimszlakiem.pl\/index.php\/wp-json\/wp\/v2\/users\/1"}],"replies":[{"embeddable":true,"href":"https:\/\/warszawskimszlakiem.pl\/index.php\/wp-json\/wp\/v2\/comments?post=147"}],"version-history":[{"count":11,"href":"https:\/\/warszawskimszlakiem.pl\/index.php\/wp-json\/wp\/v2\/pages\/147\/revisions"}],"predecessor-version":[{"id":387,"href":"https:\/\/warszawskimszlakiem.pl\/index.php\/wp-json\/wp\/v2\/pages\/147\/revisions\/387"}],"wp:attachment":[{"href":"https:\/\/warszawskimszlakiem.pl\/index.php\/wp-json\/wp\/v2\/media?parent=147"}],"curies":[{"name":"wp","href":"https:\/\/api.w.org\/{rel}","templated":true}]}}